{"id":720,"date":"2019-10-10T15:34:23","date_gmt":"2019-10-10T15:34:23","guid":{"rendered":"http:\/\/www.hunimed.hmnts.webiz.team\/?page_id=720"},"modified":"2023-08-25T13:36:40","modified_gmt":"2023-08-25T12:36:40","slug":"campus","status":"publish","type":"page","link":"https:\/\/hunimed.humweb.webiz.team\/it\/campus\/","title":{"rendered":"Campus e Residenze"},"content":{"rendered":"<div class=\"page\" title=\"Page 31\">\n<div class=\"section\">\n<div class=\"layoutArea\">\n<div class=\"column\">\n<div class=\"subheading\">L\u2019esperienza tecnologicamente immersiva e smart dell\u2019universit\u00e0 integra e rafforza la clinica e la ricerca con le frontiere pi\u00f9 avanzate della didattica. Il Campus \u00e8 adiacente all\u2019ospedale Humanitas e immerso nel verde del Parco Sud Milano, per un\u2019area totale di circa 20.000 metri quadrati. All\u2019interno, gli studenti possono utilizzare i propri device mobili e personali per apprendere in ogni luogo e in ogni momento. I docenti interagiscono con loro in classe o nelle comunit\u00e0 virtuali o attraverso lavagne e video interattivi e laboratori virtuali.<\/div>\n<\/div>\n<div>\n<h3><a class=\"button secondary\" href=\"http:\/\/rd.lombardini22.com\/ddlab\/tt\/test_06\/\" target=\"_blank\" rel=\"noopener noreferrer\">Campus Virtual Tour<\/a>\u00a0 \u00a0 \u00a0 \u00a0 \u00a0 \u00a0<a class=\"button secondary\" href=\"http:\/\/rd.lombardini22.com\/ddlab\/tt\/testmac07\/\" target=\"_blank\" rel=\"noopener noreferrer\">Hospital Virtual Tour<\/a><\/h3>\n<\/div>\n<\/div>\n<\/div>\n<\/div>\n","protected":false},"excerpt":{"rendered":"<p>L\u2019esperienza tecnologicamente immersiva e smart dell\u2019universit\u00e0 integra e rafforza la clinica e la ricerca con le frontiere pi\u00f9&#8230;<\/p>\n","protected":false},"author":2,"featured_media":238,"parent":0,"menu_order":0,"comment_status":"closed","ping_status":"closed","template":"page-internal.php","meta":{"footnotes":""},"yoast_head":"<!-- This site is optimized with the Yoast SEO plugin v22.0 - https:\/\/yoast.com\/wordpress\/plugins\/seo\/ -->\n<title>Campus e Residenze - Hunimed<\/title>\n<meta name=\"robots\" content=\"noindex, follow, max-snippet:-1, max-image-preview:large, max-video-preview:-1\" \/>\n<meta property=\"og:locale\" content=\"it_IT\" \/>\n<meta property=\"og:type\" content=\"article\" \/>\n<meta property=\"og:title\" content=\"Campus e Residenze - Hunimed\" \/>\n<meta property=\"og:description\" content=\"L\u2019esperienza tecnologicamente immersiva e smart dell\u2019universit\u00e0 integra e rafforza la clinica e la ricerca con le frontiere pi\u00f9...\" \/>\n<meta property=\"og:url\" content=\"https:\/\/www.hunimed.eu\/it\/campus\/\" \/>\n<meta property=\"og:site_name\" content=\"Hunimed\" \/>\n<meta property=\"article:publisher\" content=\"https:\/\/www.facebook.com\/Hunimed\/\" \/>\n<meta property=\"article:modified_time\" content=\"2023-08-25T12:36:40+00:00\" \/>\n<meta property=\"og:image\" content=\"https:\/\/www.hunimed.eu\/wp-content\/uploads\/2019\/07\/DSC05101-2_web1.jpg\" \/>\n\t<meta property=\"og:image:width\" content=\"2000\" \/>\n\t<meta property=\"og:image:height\" content=\"1334\" \/>\n\t<meta property=\"og:image:type\" content=\"image\/jpeg\" \/>\n<meta name=\"twitter:card\" content=\"summary_large_image\" \/>\n<script type=\"application\/ld+json\" class=\"yoast-schema-graph\">{\"@context\":\"https:\/\/schema.org\",\"@graph\":[{\"@type\":\"WebPage\",\"@id\":\"https:\/\/www.hunimed.eu\/it\/campus\/\",\"url\":\"https:\/\/www.hunimed.eu\/it\/campus\/\",\"name\":\"Campus e Residenze - Hunimed\",\"isPartOf\":{\"@id\":\"https:\/\/hunimed.humweb.webiz.team\/#website\"},\"datePublished\":\"2019-10-10T15:34:23+00:00\",\"dateModified\":\"2023-08-25T12:36:40+00:00\",\"breadcrumb\":{\"@id\":\"https:\/\/www.hunimed.eu\/it\/campus\/#breadcrumb\"},\"inLanguage\":\"it-IT\",\"potentialAction\":[{\"@type\":\"ReadAction\",\"target\":[\"https:\/\/www.hunimed.eu\/it\/campus\/\"]}]},{\"@type\":\"BreadcrumbList\",\"@id\":\"https:\/\/www.hunimed.eu\/it\/campus\/#breadcrumb\",\"itemListElement\":[{\"@type\":\"ListItem\",\"position\":1,\"name\":\"Home\",\"item\":\"https:\/\/www.hunimed.eu\/it\/\"},{\"@type\":\"ListItem\",\"position\":2,\"name\":\"Campus e Residenze\"}]},{\"@type\":\"WebSite\",\"@id\":\"https:\/\/hunimed.humweb.webiz.team\/#website\",\"url\":\"https:\/\/hunimed.humweb.webiz.team\/\",\"name\":\"Hunimed\",\"description\":\"Humanitas University\",\"publisher\":{\"@id\":\"https:\/\/hunimed.humweb.webiz.team\/#organization\"},\"potentialAction\":[{\"@type\":\"SearchAction\",\"target\":{\"@type\":\"EntryPoint\",\"urlTemplate\":\"https:\/\/hunimed.humweb.webiz.team\/?s={search_term_string}\"},\"query-input\":\"required name=search_term_string\"}],\"inLanguage\":\"it-IT\"},{\"@type\":\"Organization\",\"@id\":\"https:\/\/hunimed.humweb.webiz.team\/#organization\",\"name\":\"Humanitas University\",\"url\":\"https:\/\/hunimed.humweb.webiz.team\/\",\"logo\":{\"@type\":\"ImageObject\",\"inLanguage\":\"it-IT\",\"@id\":\"https:\/\/hunimed.humweb.webiz.team\/#\/schema\/logo\/image\/\",\"url\":\"https:\/\/hunimed.humweb.webiz.team\/wp-content\/uploads\/2019\/07\/logo.svg\",\"contentUrl\":\"https:\/\/hunimed.humweb.webiz.team\/wp-content\/uploads\/2019\/07\/logo.svg\",\"caption\":\"Humanitas University\"},\"image\":{\"@id\":\"https:\/\/hunimed.humweb.webiz.team\/#\/schema\/logo\/image\/\"},\"sameAs\":[\"https:\/\/www.facebook.com\/Hunimed\/\",\"https:\/\/www.linkedin.com\/school\/18280267\/admin\/\"]}]}<\/script>\n<!-- \/ Yoast SEO plugin. -->","yoast_head_json":{"title":"Campus e Residenze - Hunimed","robots":{"index":"noindex","follow":"follow","max-snippet":"max-snippet:-1","max-image-preview":"max-image-preview:large","max-video-preview":"max-video-preview:-1"},"og_locale":"it_IT","og_type":"article","og_title":"Campus e Residenze - Hunimed","og_description":"L\u2019esperienza tecnologicamente immersiva e smart dell\u2019universit\u00e0 integra e rafforza la clinica e la ricerca con le frontiere pi\u00f9...","og_url":"https:\/\/www.hunimed.eu\/it\/campus\/","og_site_name":"Hunimed","article_publisher":"https:\/\/www.facebook.com\/Hunimed\/","article_modified_time":"2023-08-25T12:36:40+00:00","og_image":[{"width":2000,"height":1334,"url":"https:\/\/www.hunimed.eu\/wp-content\/uploads\/2019\/07\/DSC05101-2_web1.jpg","type":"image\/jpeg"}],"twitter_card":"summary_large_image","schema":{"@context":"https:\/\/schema.org","@graph":[{"@type":"WebPage","@id":"https:\/\/www.hunimed.eu\/it\/campus\/","url":"https:\/\/www.hunimed.eu\/it\/campus\/","name":"Campus e Residenze - Hunimed","isPartOf":{"@id":"https:\/\/hunimed.humweb.webiz.team\/#website"},"datePublished":"2019-10-10T15:34:23+00:00","dateModified":"2023-08-25T12:36:40+00:00","breadcrumb":{"@id":"https:\/\/www.hunimed.eu\/it\/campus\/#breadcrumb"},"inLanguage":"it-IT","potentialAction":[{"@type":"ReadAction","target":["https:\/\/www.hunimed.eu\/it\/campus\/"]}]},{"@type":"BreadcrumbList","@id":"https:\/\/www.hunimed.eu\/it\/campus\/#breadcrumb","itemListElement":[{"@type":"ListItem","position":1,"name":"Home","item":"https:\/\/www.hunimed.eu\/it\/"},{"@type":"ListItem","position":2,"name":"Campus e Residenze"}]},{"@type":"WebSite","@id":"https:\/\/hunimed.humweb.webiz.team\/#website","url":"https:\/\/hunimed.humweb.webiz.team\/","name":"Hunimed","description":"Humanitas University","publisher":{"@id":"https:\/\/hunimed.humweb.webiz.team\/#organization"},"potentialAction":[{"@type":"SearchAction","target":{"@type":"EntryPoint","urlTemplate":"https:\/\/hunimed.humweb.webiz.team\/?s={search_term_string}"},"query-input":"required name=search_term_string"}],"inLanguage":"it-IT"},{"@type":"Organization","@id":"https:\/\/hunimed.humweb.webiz.team\/#organization","name":"Humanitas University","url":"https:\/\/hunimed.humweb.webiz.team\/","logo":{"@type":"ImageObject","inLanguage":"it-IT","@id":"https:\/\/hunimed.humweb.webiz.team\/#\/schema\/logo\/image\/","url":"https:\/\/hunimed.humweb.webiz.team\/wp-content\/uploads\/2019\/07\/logo.svg","contentUrl":"https:\/\/hunimed.humweb.webiz.team\/wp-content\/uploads\/2019\/07\/logo.svg","caption":"Humanitas University"},"image":{"@id":"https:\/\/hunimed.humweb.webiz.team\/#\/schema\/logo\/image\/"},"sameAs":["https:\/\/www.facebook.com\/Hunimed\/","https:\/\/www.linkedin.com\/school\/18280267\/admin\/"]}]}},"acf":[],"_links":{"self":[{"href":"https:\/\/hunimed.humweb.webiz.team\/it\/wp-json\/wp\/v2\/pages\/720"}],"collection":[{"href":"https:\/\/hunimed.humweb.webiz.team\/it\/wp-json\/wp\/v2\/pages"}],"about":[{"href":"https:\/\/hunimed.humweb.webiz.team\/it\/wp-json\/wp\/v2\/types\/page"}],"author":[{"embeddable":true,"href":"https:\/\/hunimed.humweb.webiz.team\/it\/wp-json\/wp\/v2\/users\/2"}],"replies":[{"embeddable":true,"href":"https:\/\/hunimed.humweb.webiz.team\/it\/wp-json\/wp\/v2\/comments?post=720"}],"version-history":[{"count":73,"href":"https:\/\/hunimed.humweb.webiz.team\/it\/wp-json\/wp\/v2\/pages\/720\/revisions"}],"predecessor-version":[{"id":26608,"href":"https:\/\/hunimed.humweb.webiz.team\/it\/wp-json\/wp\/v2\/pages\/720\/revisions\/26608"}],"wp:featuredmedia":[{"embeddable":true,"href":"https:\/\/hunimed.humweb.webiz.team\/it\/wp-json\/wp\/v2\/media\/238"}],"wp:attachment":[{"href":"https:\/\/hunimed.humweb.webiz.team\/it\/wp-json\/wp\/v2\/media?parent=720"}],"curies":[{"name":"wp","href":"https:\/\/api.w.org\/{rel}","templated":true}]}}